{"id":134,"date":"2020-12-30T21:31:46","date_gmt":"2020-12-30T21:31:46","guid":{"rendered":"http:\/\/alexanderpaley.net\/site\/?page_id=134"},"modified":"2025-12-29T15:21:16","modified_gmt":"2025-12-29T15:21:16","slug":"news-review","status":"publish","type":"page","link":"http:\/\/alexanderpaley.net\/site\/news-review\/","title":{"rendered":"News &#038; Review"},"content":{"rendered":"<p><div class=\"fusion-fullwidth fullwidth-box fusion-builder-row-1 fusion-flex-container nonhundred-percent-fullwidth non-hundred-percent-height-scrolling\" style=\"--awb-border-radius-top-left:0px;--awb-border-radius-top-right:0px;--awb-border-radius-bottom-right:0px;--awb-border-radius-bottom-left:0px;--awb-padding-right:6%;--awb-padding-left:6%;--awb-margin-top:0%;--awb-margin-bottom:2%;--awb-margin-top-small:0%;--awb-margin-bottom-small:4%;--awb-background-color:rgba(36,36,36,0);--awb-flex-wrap:wrap;\" ><div class=\"fusion-builder-row fusion-row fusion-flex-align-items-flex-start fusion-flex-content-wrap\" style=\"max-width:104%;margin-left: calc(-4% \/ 2 );margin-right: calc(-4% \/ 2 );\"><div class=\"fusion-layout-column fusion_builder_column fusion-builder-column-0 fusion_builder_column_1_1 1_1 fusion-flex-column\" style=\"--awb-bg-color:rgba(0,0,0,0);--awb-bg-color-hover:rgba(0,0,0,0);--awb-bg-size:cover;--awb-width-large:100%;--awb-margin-top-large:0px;--awb-spacing-right-large:1.92%;--awb-margin-bottom-large:20px;--awb-spacing-left-large:1.92%;--awb-width-medium:100%;--awb-order-medium:0;--awb-spacing-right-medium:1.92%;--awb-spacing-left-medium:1.92%;--awb-width-small:100%;--awb-order-small:0;--awb-spacing-right-small:1.92%;--awb-spacing-left-small:1.92%;\"><div class=\"fusion-column-wrapper fusion-column-has-shadow fusion-flex-justify-content-flex-start fusion-content-layout-column\"><div class=\"fusion-title title fusion-title-1 sep-underline sep-solid fusion-title-text fusion-title-size-two page-title\" style=\"--awb-text-color:#29292a;--awb-sep-color:#5b5b5b;\"><h2 class=\"fusion-title-heading title-heading-left\" style=\"margin:0;\">News &amp; Review<\/h2><\/div><\/div><\/div><\/div><\/div><div class=\"fusion-fullwidth fullwidth-box fusion-builder-row-2 fusion-flex-container nonhundred-percent-fullwidth non-hundred-percent-height-scrolling\" style=\"--awb-border-radius-top-left:0px;--awb-border-radius-top-right:0px;--awb-border-radius-bottom-right:0px;--awb-border-radius-bottom-left:0px;--awb-padding-right:6%;--awb-padding-left:6%;--awb-background-color:rgba(0,0,0,0);--awb-flex-wrap:wrap;\" ><div class=\"fusion-builder-row fusion-row fusion-flex-align-items-flex-start fusion-flex-content-wrap\" style=\"max-width:104%;margin-left: calc(-4% \/ 2 );margin-right: calc(-4% \/ 2 );\"><div class=\"fusion-layout-column fusion_builder_column fusion-builder-column-1 fusion_builder_column_1_1 1_1 fusion-flex-column fusion-flex-align-self-flex-start\" style=\"--awb-padding-top:0%;--awb-padding-right:0%;--awb-padding-bottom:0%;--awb-padding-left:0%;--awb-bg-color:rgba(0,0,0,0);--awb-bg-color-hover:rgba(0,0,0,0);--awb-bg-size:cover;--awb-width-large:100%;--awb-margin-top-large:0%;--awb-spacing-right-large:1.92%;--awb-margin-bottom-large:0%;--awb-spacing-left-large:1.92%;--awb-width-medium:100%;--awb-order-medium:0;--awb-spacing-right-medium:1.92%;--awb-spacing-left-medium:1.92%;--awb-width-small:100%;--awb-order-small:0;--awb-spacing-right-small:1.92%;--awb-spacing-left-small:1.92%;\"><div class=\"fusion-column-wrapper fusion-column-has-shadow fusion-flex-justify-content-flex-start fusion-content-layout-column\"><div class=\"fusion-content-boxes content-boxes columns row fusion-columns-1 fusion-columns-total-9 fusion-content-boxes-1 content-boxes-icon-with-title content-left\" style=\"--awb-backgroundcolor:rgba(0,0,0,0);--awb-body-color:#888888;--awb-title-color:#29292a;--awb-margin-top:0%;--awb-margin-bottom:0%;--awb-hover-accent-color:#29292a;--awb-circle-hover-accent-color:#29292a;--awb-item-margin-bottom:40px;\" data-animationOffset=\"top-into-view\"><div style=\"--awb-backgroundcolor:rgba(0,0,0,0);\" class=\"fusion-column content-box-column content-box-column content-box-column-1 col-lg-12 col-md-12 col-sm-12 fusion-content-box-hover content-box-column-last-in-row\"><div class=\"col content-box-wrapper content-wrapper link-area-link-icon content-icon-wrapper-yes icon-hover-animation-fade\" data-animationOffset=\"top-into-view\"><div class=\"heading icon-left\"><h2 class=\"content-box-heading\" style=\"--h2_typography-font-size:24px;line-height:29px;\">2025<\/h2><\/div><div class=\"fusion-clearfix\"><\/div><div class=\"content-container\">Pianist Alexander Paley&#8217;s Gift To His Native Moldova \u2013 A Unique Concert Cycle With The Lithuanian State Symphony Orchestra<br \/>\n<a href=\"http:\/\/alexanderpaley.net\/site\/wp-content\/uploads\/2025\/12\/alexander-paley-tv-interview-2025.pdf\" target=\"_blank\" rel=\"noopener\">Read More ><\/a><\/div><\/div><\/div><div style=\"--awb-backgroundcolor:rgba(0,0,0,0);\" class=\"fusion-column content-box-column content-box-column content-box-column-2 col-lg-12 col-md-12 col-sm-12 fusion-content-box-hover content-box-column-last-in-row\"><div class=\"col content-box-wrapper content-wrapper link-area-link-icon content-icon-wrapper-yes icon-hover-animation-fade\" data-animationOffset=\"top-into-view\"><div class=\"heading icon-left\"><h2 class=\"content-box-heading\" style=\"--h2_typography-font-size:24px;line-height:29px;\">2024<\/h2><\/div><div class=\"fusion-clearfix\"><\/div><div class=\"content-container\">Lietuvos Muzik\u0173 S\u0105junga &#8211; Mozartiana pagal Aleksandr\u0105 Pal\u0117j\u0173<br \/>\n<a href=\"https:\/\/www.muzikusajunga.lt\/naujiena\/mozartiana-pagal-aleksandra-paleju\" target=\"_blank\" rel=\"noopener\">Read More ><\/a><br \/>\n<a href=\"http:\/\/alexanderpaley.net\/site\/wp-content\/uploads\/2024\/12\/lietuvos-muziku-sajunga-mozartiana-pagal-aleksandra-paleju-english-translation.pdf\" target=\"_blank\" rel=\"noopener\">English Translation ><\/a><\/p>\n<p>President Of Republic Of Moldova, Madame Maia Sandu Awarded The Honorary Title Of &#8220;People&#8217;s Artist&#8221; To The Famous Moldovan Pianist Alexander Paley<br \/>\n<a href=\"http:\/\/alexanderpaley.net\/site\/wp-content\/uploads\/2024\/02\/peoples-artist-award-alexander-paley.pdf\" target=\"_blank\" rel=\"noopener\">Read More ><\/a><\/div><\/div><\/div><div style=\"--awb-backgroundcolor:rgba(0,0,0,0);\" class=\"fusion-column content-box-column content-box-column content-box-column-3 col-lg-12 col-md-12 col-sm-12 fusion-content-box-hover content-box-column-last-in-row\"><div class=\"col content-box-wrapper content-wrapper link-area-link-icon content-icon-wrapper-yes icon-hover-animation-fade\" data-animationOffset=\"top-into-view\"><div class=\"heading icon-left\"><h2 class=\"content-box-heading\" style=\"--h2_typography-font-size:24px;line-height:29px;\">2023<\/h2><\/div><div class=\"fusion-clearfix\"><\/div><div class=\"content-container\">\u041f\u0438\u0430\u043d\u0438\u0441\u0442 \u0410\u043b\u0435\u043a\u0441\u0430\u043d\u0434\u0440 \u041f\u0430\u043b\u0435\u0439: \u00ab\u0422\u0440\u0430\u0434\u0438\u0446\u0438\u044f &#8211; \u044d\u0442\u043e \u043a\u0430\u043a \u043c\u0430\u044f\u043a\u00bb<br \/>\n<a href=\"https:\/\/obzor.lt\/news\/n96832.html\" target=\"_blank\" rel=\"noopener\">Read More ><\/a><\/div><\/div><\/div><div style=\"--awb-backgroundcolor:rgba(0,0,0,0);\" class=\"fusion-column content-box-column content-box-column content-box-column-4 col-lg-12 col-md-12 col-sm-12 fusion-content-box-hover content-box-column-last-in-row\"><div class=\"col content-box-wrapper content-wrapper link-area-link-icon content-icon-wrapper-yes icon-hover-animation-fade\" data-animationOffset=\"top-into-view\"><div class=\"heading icon-left\"><h2 class=\"content-box-heading\" style=\"--h2_typography-font-size:24px;line-height:29px;\">2021<\/h2><\/div><div class=\"fusion-clearfix\"><\/div><div class=\"content-container\">Festival &#8211; Second Concert D&#8217;Automne Musical (NR Dimanche): November 28, 2021<br \/>\n<a href=\"http:\/\/alexanderpaley.net\/site\/wp-content\/uploads\/2021\/12\/alexander-paley-nr-28-novembre-2021.pdf\" target=\"_blank\" rel=\"noopener\">Read More ><\/a><\/div><\/div><\/div><div style=\"--awb-backgroundcolor:rgba(0,0,0,0);\" class=\"fusion-column content-box-column content-box-column content-box-column-5 col-lg-12 col-md-12 col-sm-12 fusion-content-box-hover content-box-column-last-in-row\"><div class=\"col content-box-wrapper content-wrapper link-area-link-icon content-icon-wrapper-yes icon-hover-animation-fade\" data-animationOffset=\"top-into-view\"><div class=\"heading icon-left\"><h2 class=\"content-box-heading\" style=\"--h2_typography-font-size:24px;line-height:29px;\">2020<\/h2><\/div><div class=\"fusion-clearfix\"><\/div><div class=\"content-container\">\n<p>Le Grand Paley &#8211; Review On Rachmaninov: December 9, 2020<br \/>\n<a href=\"https:\/\/blogs.mediapart.fr\/frederick-casadesus\/blog\/091220\/le-grand-paley\" target=\"_blank\" rel=\"noopener\">Read More ><\/a><\/p>\n<p>Rachmaninov: Pr\u00e9ludes, Op. 23 \u2013 \u00c9tudes-Tableaux, Op. 33<br \/>\n<a href=\"http:\/\/alexanderpaley.net\/site\/wp-content\/uploads\/2021\/01\/review-rachmaninov-preludes-op-23-etudes-tableaux-op-33.jpg\" target=\"_blank\" rel=\"noopener\">Read More ><\/a><\/p>\n<p>Le Retour De Paley \u2013 Review On Rameau: July 18, 2020<br \/>\n<a href=\"https:\/\/blogs.mediapart.fr\/frederick-casadesus\/blog\/170720\/le-retour-de-paley\" target=\"_blank\" rel=\"noopener\">Read More ><\/a><\/p>\n<p>fnac.com \u2013 April 2020<br \/>\n\u201cRameau par Alexander Paley, Premier Livre\u201d release Le moldave Alexandre Paley poursuit son parcours des oeuvres de Jean Philippe Rameau, au piano : clair et pr\u00e9cis sans rien sacrifier de la po\u00e9sie.<br \/>\n<a href=\"http:\/\/alexanderpaley.net\/site\/wp-content\/uploads\/2021\/01\/sasha-3rd-rameau-fnac.pdf\" target=\"_blank\" rel=\"noopener\">Read More ><\/a><\/p>\n<\/div><\/div><\/div><div style=\"--awb-backgroundcolor:rgba(0,0,0,0);\" class=\"fusion-column content-box-column content-box-column content-box-column-6 col-lg-12 col-md-12 col-sm-12 fusion-content-box-hover content-box-column-last-in-row\"><div class=\"col content-box-wrapper content-wrapper link-area-link-icon content-icon-wrapper-yes icon-hover-animation-fade\" data-animationOffset=\"top-into-view\"><div class=\"heading icon-left\"><h2 class=\"content-box-heading\" style=\"--h2_typography-font-size:24px;line-height:29px;\">2017<\/h2><\/div><div class=\"fusion-clearfix\"><\/div><div class=\"content-container\">anaclase.com &#8211; Mars 23, 2017<br \/>\nR\u00e9cital Alexander Paley Rhapsodies Hongroises De Ferenc Liszt<br \/>\n<a href=\"http:\/\/www.anaclase.com\/chroniques\/r%C3%A9cital-alexander-paley-0\" target=\"_blank\" rel=\"noopener\">Read More ><\/a><\/p>\n<p>Concertclassic.com \u2013 Mars 23, 2017<br \/>\nAlexander Paley Interpr\u00e8te L\u2019int\u00e9grale Des Rhapsodies Hongroises \u00c0 Gaveau \u2013 Tzigane Et Rhapsode \u2013 Compte-Rendu<br \/>\n<a href=\"https:\/\/www.concertclassic.com\/article\/alexander-paley-interprete-lintegrale-des-rhapsodies-hongroises-gaveau-tzigane-et-rhapsode\" target=\"_blank\" rel=\"noopener\">Read More ><\/a><\/div><\/div><\/div><div style=\"--awb-backgroundcolor:rgba(0,0,0,0);\" class=\"fusion-column content-box-column content-box-column content-box-column-7 col-lg-12 col-md-12 col-sm-12 fusion-content-box-hover content-box-column-last-in-row\"><div class=\"col content-box-wrapper content-wrapper link-area-link-icon content-icon-wrapper-yes icon-hover-animation-fade\" data-animationOffset=\"top-into-view\"><div class=\"heading icon-left\"><h2 class=\"content-box-heading\" style=\"--h2_typography-font-size:24px;line-height:29px;\">2016<\/h2><\/div><div class=\"fusion-clearfix\"><\/div><div class=\"content-container\">L&#8217;ENA hors les murs &#8211; 04\/2016<br \/>\nMedtner &#038; Rachmaninov<br \/>\n<a href=\"http:\/\/alexanderpaley.net\/site\/wp-content\/uploads\/2021\/01\/alexander-paley-cd-review-by-lena-hors-les-murs.pdf\" target=\"_blank\" rel=\"noopener\">Read More ><\/a><\/p>\n<p>Trierischer Volksfreud \u2013 03\/30\/2016<br \/>\nDie Welt Der Melodien Von Grieg, Schumann Und Rachmaninow<br \/>\n<a href=\"http:\/\/alexanderpaley.net\/site\/wp-content\/uploads\/2021\/01\/concert-critique-alexander-paley-im-theater-trier-03302016.pdf\" target=\"_blank\" rel=\"noopener\">Read More ><\/a><\/p>\n<p>Facts &#038; Arts \u2013 February 09, 2016<br \/>\nA Perfect Pairing: Rachmaninov With His Friend Medtner<\/p>\n<p>Syndicat Des Journalistes De La Presse P\u00e9riodique \u2013 Janvier 22, 2016<br \/>\nConcert Exceptionnel D\u2019Alexander Paley<\/div><\/div><\/div><div style=\"--awb-backgroundcolor:rgba(0,0,0,0);\" class=\"fusion-column content-box-column content-box-column content-box-column-8 col-lg-12 col-md-12 col-sm-12 fusion-content-box-hover content-box-column-last-in-row\"><div class=\"col content-box-wrapper content-wrapper link-area-link-icon content-icon-wrapper-yes icon-hover-animation-fade\" data-animationOffset=\"top-into-view\"><div class=\"heading icon-left\"><h2 class=\"content-box-heading\" style=\"--h2_typography-font-size:24px;line-height:29px;\">2015<\/h2><\/div><div class=\"fusion-clearfix\"><\/div><div class=\"content-container\">Telerama.fr &#8211; Mai 23, 2015<br \/>\nFou De Rameau, Le Pianiste Alexander Paley Lui pr\u00eate Son Talent D&#8217;iconoclaste Et D&#8217;illusionniste.<\/p>\n<p>Mediapart.fr \u2013 Mai 22, 2015<br \/>\nPaley C\u00e9l\u00e8bre La Musique<br \/>\n<a href=\"https:\/\/blogs.mediapart.fr\/frederick-casadesus\/blog\/220515\/paley-celebre-la-musique\" target=\"_blank\" rel=\"noopener\">Read More ><\/a><\/p>\n<p>Concertclassic.com \u2013 Mai 21, 2015<br \/>\nAlexander Paley En R\u00e9cital \u00c0 Gaveau \u2013 R\u00eaver, Chanter Et Br\u00fbler \u2013 Compte-Rendu<br \/>\n<a href=\"https:\/\/www.concertclassic.com\/article\/alexander-paley-en-recital-gaveau-rever-chanter-et-bruler-compte-rendu\" target=\"_blank\" rel=\"noopener\">Read More ><\/a><\/p>\n<p>Pianiste Janvier \u2013 F\u00e9vrier 2015 Paley ITW<br \/>\n<a href=\"http:\/\/alexanderpaley.net\/site\/wp-content\/uploads\/2021\/01\/pianiste-janvier-fevrier-2015-paley-itw.pdf\" target=\"_blank\" rel=\"noopener\">Read More ><\/a><\/div><\/div><\/div><div style=\"--awb-backgroundcolor:rgba(0,0,0,0);\" class=\"fusion-column content-box-column content-box-column content-box-column-9 col-lg-12 col-md-12 col-sm-12 fusion-content-box-hover content-box-column-last content-box-column-last-in-row\"><div class=\"col content-box-wrapper content-wrapper link-area-link-icon content-icon-wrapper-yes icon-hover-animation-fade\" data-animationOffset=\"top-into-view\"><div class=\"heading icon-left\"><h2 class=\"content-box-heading\" style=\"--h2_typography-font-size:24px;line-height:29px;\">2014<\/h2><\/div><div class=\"fusion-clearfix\"><\/div><div class=\"content-container\">Pianiste Janvier \u2013 F\u00e9vrier 2015 Paley ITW<br \/>\n<a href=\"http:\/\/alexanderpaley.net\/site\/wp-content\/uploads\/2021\/01\/pianiste-janvier-fevrier-2014-paley-cd.pdf\" target=\"_blank\" rel=\"noopener\">Read More ><\/a><\/div><\/div><\/div><div class=\"fusion-clearfix\"><\/div><\/div><\/div><\/div><\/div><\/div><\/p>\n","protected":false},"excerpt":{"rendered":"","protected":false},"author":1,"featured_media":0,"parent":0,"menu_order":0,"comment_status":"closed","ping_status":"closed","template":"","meta":{"footnotes":""},"class_list":["post-134","page","type-page","status-publish","hentry"],"yoast_head":"<!-- This site is optimized with the Yoast SEO plugin v27.5 - https:\/\/yoast.com\/product\/yoast-seo-wordpress\/ -->\n<title>News &amp; Review - Alexander Paley<\/title>\n<meta name=\"robots\" content=\"index, follow, max-snippet:-1, max-image-preview:large, max-video-preview:-1\" \/>\n<link rel=\"canonical\" href=\"http:\/\/alexanderpaley.net\/site\/news-review\/\" \/>\n<meta property=\"og:locale\" content=\"en_US\" \/>\n<meta property=\"og:type\" content=\"article\" \/>\n<meta property=\"og:title\" content=\"News &amp; Review - Alexander Paley\" \/>\n<meta property=\"og:url\" content=\"http:\/\/alexanderpaley.net\/site\/news-review\/\" \/>\n<meta property=\"og:site_name\" content=\"Alexander Paley\" \/>\n<meta property=\"article:modified_time\" content=\"2025-12-29T15:21:16+00:00\" \/>\n<meta name=\"twitter:card\" content=\"summary_large_image\" \/>\n<meta name=\"twitter:label1\" content=\"Est. reading time\" \/>\n\t<meta name=\"twitter:data1\" content=\"2 minutes\" \/>\n<script type=\"application\/ld+json\" class=\"yoast-schema-graph\">{\"@context\":\"https:\\\/\\\/schema.org\",\"@graph\":[{\"@type\":\"WebPage\",\"@id\":\"http:\\\/\\\/alexanderpaley.net\\\/site\\\/news-review\\\/\",\"url\":\"http:\\\/\\\/alexanderpaley.net\\\/site\\\/news-review\\\/\",\"name\":\"News & Review - Alexander Paley\",\"isPartOf\":{\"@id\":\"http:\\\/\\\/alexanderpaley.net\\\/site\\\/#website\"},\"datePublished\":\"2020-12-30T21:31:46+00:00\",\"dateModified\":\"2025-12-29T15:21:16+00:00\",\"breadcrumb\":{\"@id\":\"http:\\\/\\\/alexanderpaley.net\\\/site\\\/news-review\\\/#breadcrumb\"},\"inLanguage\":\"en-US\",\"potentialAction\":[{\"@type\":\"ReadAction\",\"target\":[\"http:\\\/\\\/alexanderpaley.net\\\/site\\\/news-review\\\/\"]}]},{\"@type\":\"BreadcrumbList\",\"@id\":\"http:\\\/\\\/alexanderpaley.net\\\/site\\\/news-review\\\/#breadcrumb\",\"itemListElement\":[{\"@type\":\"ListItem\",\"position\":1,\"name\":\"Home\",\"item\":\"http:\\\/\\\/alexanderpaley.net\\\/site\\\/\"},{\"@type\":\"ListItem\",\"position\":2,\"name\":\"News &#038; Review\"}]},{\"@type\":\"WebSite\",\"@id\":\"http:\\\/\\\/alexanderpaley.net\\\/site\\\/#website\",\"url\":\"http:\\\/\\\/alexanderpaley.net\\\/site\\\/\",\"name\":\"Alexander Paley\",\"description\":\"A Vivid Music Maker\",\"potentialAction\":[{\"@type\":\"SearchAction\",\"target\":{\"@type\":\"EntryPoint\",\"urlTemplate\":\"http:\\\/\\\/alexanderpaley.net\\\/site\\\/?s={search_term_string}\"},\"query-input\":{\"@type\":\"PropertyValueSpecification\",\"valueRequired\":true,\"valueName\":\"search_term_string\"}}],\"inLanguage\":\"en-US\"}]}<\/script>\n<!-- \/ Yoast SEO plugin. -->","yoast_head_json":{"title":"News & Review - Alexander Paley","robots":{"index":"index","follow":"follow","max-snippet":"max-snippet:-1","max-image-preview":"max-image-preview:large","max-video-preview":"max-video-preview:-1"},"canonical":"http:\/\/alexanderpaley.net\/site\/news-review\/","og_locale":"en_US","og_type":"article","og_title":"News & Review - Alexander Paley","og_url":"http:\/\/alexanderpaley.net\/site\/news-review\/","og_site_name":"Alexander Paley","article_modified_time":"2025-12-29T15:21:16+00:00","twitter_card":"summary_large_image","twitter_misc":{"Est. reading time":"2 minutes"},"schema":{"@context":"https:\/\/schema.org","@graph":[{"@type":"WebPage","@id":"http:\/\/alexanderpaley.net\/site\/news-review\/","url":"http:\/\/alexanderpaley.net\/site\/news-review\/","name":"News & Review - Alexander Paley","isPartOf":{"@id":"http:\/\/alexanderpaley.net\/site\/#website"},"datePublished":"2020-12-30T21:31:46+00:00","dateModified":"2025-12-29T15:21:16+00:00","breadcrumb":{"@id":"http:\/\/alexanderpaley.net\/site\/news-review\/#breadcrumb"},"inLanguage":"en-US","potentialAction":[{"@type":"ReadAction","target":["http:\/\/alexanderpaley.net\/site\/news-review\/"]}]},{"@type":"BreadcrumbList","@id":"http:\/\/alexanderpaley.net\/site\/news-review\/#breadcrumb","itemListElement":[{"@type":"ListItem","position":1,"name":"Home","item":"http:\/\/alexanderpaley.net\/site\/"},{"@type":"ListItem","position":2,"name":"News &#038; Review"}]},{"@type":"WebSite","@id":"http:\/\/alexanderpaley.net\/site\/#website","url":"http:\/\/alexanderpaley.net\/site\/","name":"Alexander Paley","description":"A Vivid Music Maker","potentialAction":[{"@type":"SearchAction","target":{"@type":"EntryPoint","urlTemplate":"http:\/\/alexanderpaley.net\/site\/?s={search_term_string}"},"query-input":{"@type":"PropertyValueSpecification","valueRequired":true,"valueName":"search_term_string"}}],"inLanguage":"en-US"}]}},"_links":{"self":[{"href":"http:\/\/alexanderpaley.net\/site\/wp-json\/wp\/v2\/pages\/134","targetHints":{"allow":["GET"]}}],"collection":[{"href":"http:\/\/alexanderpaley.net\/site\/wp-json\/wp\/v2\/pages"}],"about":[{"href":"http:\/\/alexanderpaley.net\/site\/wp-json\/wp\/v2\/types\/page"}],"author":[{"embeddable":true,"href":"http:\/\/alexanderpaley.net\/site\/wp-json\/wp\/v2\/users\/1"}],"replies":[{"embeddable":true,"href":"http:\/\/alexanderpaley.net\/site\/wp-json\/wp\/v2\/comments?post=134"}],"version-history":[{"count":173,"href":"http:\/\/alexanderpaley.net\/site\/wp-json\/wp\/v2\/pages\/134\/revisions"}],"predecessor-version":[{"id":399,"href":"http:\/\/alexanderpaley.net\/site\/wp-json\/wp\/v2\/pages\/134\/revisions\/399"}],"wp:attachment":[{"href":"http:\/\/alexanderpaley.net\/site\/wp-json\/wp\/v2\/media?parent=134"}],"curies":[{"name":"wp","href":"https:\/\/api.w.org\/{rel}","templated":true}]}}